{"id":153,"date":"2020-05-18T16:42:22","date_gmt":"2020-05-18T14:42:22","guid":{"rendered":"http:\/\/www.rainbow-tours.ch\/20\/?page_id=153"},"modified":"2023-09-28T17:26:24","modified_gmt":"2023-09-28T15:26:24","slug":"europaeischer-gruppen-reiseveranstalter-seit-1980","status":"publish","type":"page","link":"https:\/\/www.rainbow-tours.ch\/20\/europaeischer-gruppen-reiseveranstalter-seit-1980\/","title":{"rendered":"Europ\u00e4ischer DMC Incoming Tour Operator seit 1980"},"content":{"rendered":"\n<p>Rainbow Tours Enterprises Ltd. ist ein Gruppenreisen Organisator spezialisiert auf Christliche Pilgerreisen, Landausfl\u00fcge f\u00fcr Mittelmeerkreuzfahrten und Logistik f\u00fcr grosse Tourismus Projekte. Unser Hauptzentrale liegt in der Schweiz mit Partnerb\u00fcros in Barcelona, Berlin, Budapest, Kopenhagen, London, M\u00fcnchen, Oslo, Prag, Stockholm, Rom.<\/p>\n\n\n\n<p>Unsere Mission ist Ihr Erfolg. Ob Sie mit einer Gruppe von 30 G\u00e4sten eine Rundreise in Europa oder eine ganze Gruppenserie an mehreren Destinationen planen oder einen Land Operator f\u00fcr ihren Kreuzfahrtcharter mit 1000 G\u00e4sten ben\u00f6tigen, wir haben sehr viel Erfahrung in allen Bereichen von Gruppenreisen.<\/p>\n\n\n\n<p>Im Jahr 2022* fanden die 42. Oberammergauer Passionsspiele statt. Dies ist ein Highlight in der Christlichen Welt, das nur alle 10 Jahre statt findet. Wir haben \u00fcber 200 Bus Gruppen zu den Passionsspielen 2022 begleitet und davor auch in 1980, 1984, 1990, 2000 und 2010. Als akkreditierter Partner und Ticket Agent begleiten wir Ihre Gruppen zu Oberammergauer Passionsspiele 2030.<\/p>\n\n\n\n<p class=\"has-small-font-size\">*Die Oberammergauer Passionsspiele wurden wegen COVID-19 von 2020 auf 2022 verschoben.<\/p>\n","protected":false},"excerpt":{"rendered":"<p>Rainbow Tours Enterprises Ltd. ist ein Gruppenreisen Organisator spezialisiert auf Christliche Pilgerreisen, Landausfl\u00fcge f\u00fcr Mittelmeerkreuzfahrten und Logistik f\u00fcr grosse Tourismus Projekte. Unser Hauptzentrale liegt in der Schweiz mit Partnerb\u00fcros in Barcelona, Berlin, Budapest, Kopenhagen, London, M\u00fcnchen, Oslo, Prag, Stockholm, Rom. Unsere Mission ist Ihr Erfolg. Ob Sie mit einer Gruppe von 30 G\u00e4sten eine Rundreise &hellip; <a href=\"https:\/\/www.rainbow-tours.ch\/20\/europaeischer-gruppen-reiseveranstalter-seit-1980\/\" class=\"more-link\">Continue reading<span class=\"screen-reader-text\"> &#8220;Europ\u00e4ischer DMC Incoming Tour Operator seit 1980&#8221;<\/span><\/a><\/p>\n","protected":false},"author":1,"featured_media":0,"parent":0,"menu_order":0,"comment_status":"open","ping_status":"closed","template":"","meta":{"footnotes":""},"_links":{"self":[{"href":"https:\/\/www.rainbow-tours.ch\/20\/wp-json\/wp\/v2\/pages\/153"}],"collection":[{"href":"https:\/\/www.rainbow-tours.ch\/20\/wp-json\/wp\/v2\/pages"}],"about":[{"href":"https:\/\/www.rainbow-tours.ch\/20\/wp-json\/wp\/v2\/types\/page"}],"author":[{"embeddable":true,"href":"https:\/\/www.rainbow-tours.ch\/20\/wp-json\/wp\/v2\/users\/1"}],"replies":[{"embeddable":true,"href":"https:\/\/www.rainbow-tours.ch\/20\/wp-json\/wp\/v2\/comments?post=153"}],"version-history":[{"count":8,"href":"https:\/\/www.rainbow-tours.ch\/20\/wp-json\/wp\/v2\/pages\/153\/revisions"}],"predecessor-version":[{"id":312,"href":"https:\/\/www.rainbow-tours.ch\/20\/wp-json\/wp\/v2\/pages\/153\/revisions\/312"}],"wp:attachment":[{"href":"https:\/\/www.rainbow-tours.ch\/20\/wp-json\/wp\/v2\/media?parent=153"}],"curies":[{"name":"wp","href":"https:\/\/api.w.org\/{rel}","templated":true}]}}