{"id":167,"date":"2020-05-19T15:06:54","date_gmt":"2020-05-19T13:06:54","guid":{"rendered":"http:\/\/www.rainbow-tours.ch\/20\/?page_id=167"},"modified":"2020-06-04T16:24:31","modified_gmt":"2020-06-04T14:24:31","slug":"historia-de-la-pasion-de-cristo-de-oberammergau","status":"publish","type":"page","link":"http:\/\/www.rainbow-tours.ch\/20\/historia-de-la-pasion-de-cristo-de-oberammergau\/","title":{"rendered":"Historia de la Pasi\u00f3n de Cristo en Oberammergau"},"content":{"rendered":"\n<div class=\"wp-block-group\"><div class=\"wp-block-group__inner-container is-layout-flow wp-block-group-is-layout-flow\">\n<h5 class=\"wp-block-heading\">Un juego de vida y muerte,<\/h5>\n\n\n\n<div class=\"wp-block-image\"><figure class=\"alignleft\"><a href=\"http:\/\/www.rainbow-tours.ch\/20\/wp-content\/uploads\/2016\/08\/p_1910.jpg\"><img loading=\"lazy\" decoding=\"async\" width=\"250\" height=\"157\" src=\"http:\/\/www.rainbow-tours.ch\/20\/wp-content\/uploads\/2016\/08\/p_1910.jpg\" alt=\"p_1910\" class=\"wp-image-19\"\/><\/a><\/figure><\/div>\n\n\n\n<p>prometido en un momento de amenaza mortal as\u00ed comenz\u00f3 la historia de la Pasi\u00f3n de Cristo en Oberammergau en 1633. En medio de la Guerra de los Treinta A\u00f1os, despu\u00e9s de meses de sufrimiento y muerte por la peste, la poblaci\u00f3n de Oberammergau prometi\u00f3 realizar la Pasi\u00f3n de Cristo cada diez a\u00f1os. En Pentecost\u00e9s en el a\u00f1o 1634, cumplieron su promesa por primera vez en un escenario que creado en el cementerio sobre las tumbas de las recientes v\u00edctimas de la peste. En el a\u00f1o 2022, la comunidad de Oberammergau representar\u00e1 por 42\u00aa vez la obra que han conservado a lo largo de los siglos con una continuidad singular, a menudo contra la resistencia. <\/p>\n\n\n\n<div class=\"wp-block-image\"><figure class=\"alignright\"><a href=\"http:\/\/www.rainbow-tours.ch\/20\/wp-content\/uploads\/2020\/06\/p_1900.jpg\"><img loading=\"lazy\" decoding=\"async\" width=\"250\" height=\"169\" src=\"http:\/\/www.rainbow-tours.ch\/20\/wp-content\/uploads\/2020\/06\/p_1900.jpg\" alt=\"\" class=\"wp-image-236\"\/><\/a><figcaption>Oberammergau Passion Play 1900<\/figcaption><\/figure><\/div>\n\n\n\n<p>Las obras de la pasi\u00f3n que se representaban en toda Europa durante la Edad Media, y que luego fueron prohibidas en las ciudades en el siglo XVI, fueron, despu\u00e9s de experimentar un apogeo en la Alemania meridional barroca-cat\u00f3lica, prohibidas tambi\u00e9n all\u00ed a mediados del siglo XVIII a ra\u00edz de la \u00e9poca de la Ilustraci\u00f3n. S\u00f3lo Oberammergau mantuvo la tradici\u00f3n viva. \u00bfFue un sentido de obligaci\u00f3n hacia la promesa? \u00bfO fue el apoyo teol\u00f3gico de los monasterios cercanos de Ettal y Rottenbuch lo que marc\u00f3 la diferencia? En cualquier caso, el pueblo logr\u00f3 adquirir un privilegio del electorado principal y rescat\u00f3 as\u00ed la fascinante promesa de representar la Pasi\u00f3n de Cristo en el escenario en el siglo XIX.<\/p>\n\n\n\n<h5 class=\"wp-block-heading\">Un Hombre de &#8220;Carne y Hueso&#8221;<\/h5>\n\n\n\n<p>Hoy en d\u00eda, las iglesias aprecian la posibilidad de contar a Jes\u00fas como un hombre &#8220;de carne y hueso&#8221; de manera que ayude a toda la humanidad a relacionarse con \u00e9l, como es el caso de la obra. Hasta el d\u00eda de hoy, los elementos de las diversas etapas de desarrollo a lo largo de los 350 a\u00f1os de historia de la obra a\u00fan se aferran al texto de Othmar Weis\/Joseph A. Daisenberger y al escenario y m\u00fasica de Rochus Dedler. Sin embargo, la Pasi\u00f3n de Cristo en Oberammergau se caracteriza particularmente por los tableaux vivants ilustrados musicalmente que se insertan en la historia. Estas comparaciones con momentos de la historia de la fe de Israel tienen por objeto guiar al espectador hacia una comprensi\u00f3n de lo que Jes\u00fas quiere, cosas para las que ha provocado resistencia y que se producen bajo la superficie del drama de este fracaso aparentemente in\u00fatil. Mientras que, por un lado, Oberammergau mira a su tradici\u00f3n al cumplir la tarea de contar &#8220;la historia m\u00e1s grande jam\u00e1s contada&#8221;, sin embargo, cada generaci\u00f3n encontrar\u00e1 imposible contarla de otra manera que no sea en el horizonte de su propia historia de vida y de fe. El drama vivo y aut\u00e9ntico no tiene nada que ver con clich\u00e9s y requiere un acercamiento personal al tema.<\/p>\n\n\n\n<div class=\"wp-block-image\"><figure class=\"alignleft\"><a href=\"http:\/\/www.rainbow-tours.ch\/20\/wp-content\/uploads\/2016\/08\/p_1984.jpg\"><img loading=\"lazy\" decoding=\"async\" width=\"250\" height=\"155\" src=\"http:\/\/www.rainbow-tours.ch\/20\/wp-content\/uploads\/2016\/08\/p_1984.jpg\" alt=\"p_1984\" class=\"wp-image-20\"\/><\/a><\/figure><\/div>\n\n\n\n<h5 class=\"wp-block-heading\">La Pasi\u00f3n de Cristo en Oberammergau actualmente<\/h5>\n\n\n\n<p>Con este esp\u00edritu, durante un per\u00edodo de trabajo de varios a\u00f1os, se revisaron fundamentalmente el texto y la m\u00fasica, se dise\u00f1aron nuevos escenarios y vestuarios y se cre\u00f3 una nueva producci\u00f3n en innumerables ensayos. Ahora, m\u00e1s de 2.000 habitantes de Oberammergau, actores, cantantes, instrumentistas y t\u00e9cnicos de escena, en aproximadamente seis horas de tiempo de actuaci\u00f3n llevan al escenario aquellos eventos que el cristianismo considera como su fuente central de vida y esperanza.<\/p>\n<\/div><\/div>\n\n\n\n<p><\/p>\n","protected":false},"excerpt":{"rendered":"<p>Un juego de vida y muerte, prometido en un momento de amenaza mortal as\u00ed comenz\u00f3 la historia de la Pasi\u00f3n de Cristo en Oberammergau en 1633. En medio de la Guerra de los Treinta A\u00f1os, despu\u00e9s de meses de sufrimiento y muerte por la peste, la poblaci\u00f3n de Oberammergau prometi\u00f3 realizar la Pasi\u00f3n de Cristo &hellip; <a href=\"http:\/\/www.rainbow-tours.ch\/20\/historia-de-la-pasion-de-cristo-de-oberammergau\/\" class=\"more-link\">Continue reading<span class=\"screen-reader-text\"> &#8220;Historia de la Pasi\u00f3n de Cristo en Oberammergau&#8221;<\/span><\/a><\/p>\n","protected":false},"author":2,"featured_media":0,"parent":0,"menu_order":0,"comment_status":"closed","ping_status":"closed","template":"","meta":{"footnotes":""},"_links":{"self":[{"href":"http:\/\/www.rainbow-tours.ch\/20\/wp-json\/wp\/v2\/pages\/167"}],"collection":[{"href":"http:\/\/www.rainbow-tours.ch\/20\/wp-json\/wp\/v2\/pages"}],"about":[{"href":"http:\/\/www.rainbow-tours.ch\/20\/wp-json\/wp\/v2\/types\/page"}],"author":[{"embeddable":true,"href":"http:\/\/www.rainbow-tours.ch\/20\/wp-json\/wp\/v2\/users\/2"}],"replies":[{"embeddable":true,"href":"http:\/\/www.rainbow-tours.ch\/20\/wp-json\/wp\/v2\/comments?post=167"}],"version-history":[{"count":8,"href":"http:\/\/www.rainbow-tours.ch\/20\/wp-json\/wp\/v2\/pages\/167\/revisions"}],"predecessor-version":[{"id":252,"href":"http:\/\/www.rainbow-tours.ch\/20\/wp-json\/wp\/v2\/pages\/167\/revisions\/252"}],"wp:attachment":[{"href":"http:\/\/www.rainbow-tours.ch\/20\/wp-json\/wp\/v2\/media?parent=167"}],"curies":[{"name":"wp","href":"https:\/\/api.w.org\/{rel}","templated":true}]}}