{"id":159,"date":"2020-05-19T12:33:59","date_gmt":"2020-05-19T10:33:59","guid":{"rendered":"http:\/\/www.rainbow-tours.ch\/20\/?page_id=159"},"modified":"2025-02-12T18:48:02","modified_gmt":"2025-02-12T17:48:02","slug":"la-pasion-de-cristo-2022-en-oberammergau","status":"publish","type":"page","link":"http:\/\/www.rainbow-tours.ch\/20\/la-pasion-de-cristo-2022-en-oberammergau\/","title":{"rendered":"La Pasi\u00f3n de Cristo 2030 en Oberammergau"},"content":{"rendered":"\n<h5 class=\"wp-block-heading\">43\u00aa edici\u00f3n de la Pasi\u00f3n en Oberammergau<\/h5>\n\n\n<div class=\"wp-block-image\">\n<figure class=\"alignright\"><a href=\"http:\/\/www.rainbow-tours.ch\/20\/wp-content\/uploads\/2016\/08\/passionstheater_bei_nacht.jpg\"><img loading=\"lazy\" decoding=\"async\" width=\"300\" height=\"200\" src=\"http:\/\/www.rainbow-tours.ch\/20\/wp-content\/uploads\/2016\/08\/passionstheater_bei_nacht-300x200.jpg\" alt=\"\" class=\"wp-image-62\" srcset=\"http:\/\/www.rainbow-tours.ch\/20\/wp-content\/uploads\/2016\/08\/passionstheater_bei_nacht-300x200.jpg 300w, http:\/\/www.rainbow-tours.ch\/20\/wp-content\/uploads\/2016\/08\/passionstheater_bei_nacht.jpg 600w\" sizes=\"(max-width: 300px) 85vw, 300px\" \/><\/a><figcaption class=\"wp-element-caption\">\u00a9 Oberammergau Passion Play<\/figcaption><\/figure><\/div>\n\n\n<p>El estreno de la 42\u00aa edici\u00f3n de la Pasi\u00f3n de Oberammergau ser\u00e1 el 14 de mayo de 2030. La tradici\u00f3n de representar cada diez a\u00f1os la Pasion de Cristo ha sido mantenida y vivida casi sin interrupci\u00f3n durante m\u00e1s de 380 a\u00f1os. La Pasi\u00f3n de Cristo en Oberammergau es considerada como la m\u00e1s importante obra de la pasi\u00f3n en el mundo. Oberammergau, un pueblo al borde de los Alpes b\u00e1varos espera aproximadamente 450.000 visitantes para el evento, siendo m\u00e1s de la mitad espectadores internacionales.<\/p>\n\n\n<div class=\"wp-block-image\">\n<figure class=\"alignleft\"><a href=\"http:\/\/www.rainbow-tours.ch\/20\/wp-content\/uploads\/2016\/08\/jesus_betritt_jerusalem.jpg\"><img loading=\"lazy\" decoding=\"async\" width=\"300\" height=\"162\" src=\"http:\/\/www.rainbow-tours.ch\/20\/wp-content\/uploads\/2016\/08\/jesus_betritt_jerusalem-300x162.jpg\" alt=\"\" class=\"wp-image-58\" srcset=\"http:\/\/www.rainbow-tours.ch\/20\/wp-content\/uploads\/2016\/08\/jesus_betritt_jerusalem-300x162.jpg 300w, http:\/\/www.rainbow-tours.ch\/20\/wp-content\/uploads\/2016\/08\/jesus_betritt_jerusalem.jpg 600w\" sizes=\"(max-width: 300px) 85vw, 300px\" \/><\/a><figcaption class=\"wp-element-caption\">\u00a9 Oberammergau Passion Play<\/figcaption><\/figure><\/div>\n\n\n<p>Rainbow Tours Enterprises Ltd. es un socio oficialmente acreditado de los Passionsspiele 2030. Podemos organizar viajes de series de grupos personalizados, con alojamiento en la zona de Oberammergau y entradas garantizadas para la obra. <a href=\"http:\/\/www.rainbow-tours.ch\/20\/es\/historia-de-la-pasion-de-cristo-de-oberammergau\/\">leer m\u00e1s&#8230;<\/a><\/p>\n","protected":false},"excerpt":{"rendered":"<p>43\u00aa edici\u00f3n de la Pasi\u00f3n en Oberammergau El estreno de la 42\u00aa edici\u00f3n de la Pasi\u00f3n de Oberammergau ser\u00e1 el 14 de mayo de 2030. La tradici\u00f3n de representar cada diez a\u00f1os la Pasion de Cristo ha sido mantenida y vivida casi sin interrupci\u00f3n durante m\u00e1s de 380 a\u00f1os. La Pasi\u00f3n de Cristo en Oberammergau &hellip; <a href=\"http:\/\/www.rainbow-tours.ch\/20\/la-pasion-de-cristo-2022-en-oberammergau\/\" class=\"more-link\">Continue reading<span class=\"screen-reader-text\"> &#8220;La Pasi\u00f3n de Cristo 2030 en Oberammergau&#8221;<\/span><\/a><\/p>\n","protected":false},"author":2,"featured_media":0,"parent":0,"menu_order":0,"comment_status":"closed","ping_status":"closed","template":"","meta":{"footnotes":""},"_links":{"self":[{"href":"http:\/\/www.rainbow-tours.ch\/20\/wp-json\/wp\/v2\/pages\/159"}],"collection":[{"href":"http:\/\/www.rainbow-tours.ch\/20\/wp-json\/wp\/v2\/pages"}],"about":[{"href":"http:\/\/www.rainbow-tours.ch\/20\/wp-json\/wp\/v2\/types\/page"}],"author":[{"embeddable":true,"href":"http:\/\/www.rainbow-tours.ch\/20\/wp-json\/wp\/v2\/users\/2"}],"replies":[{"embeddable":true,"href":"http:\/\/www.rainbow-tours.ch\/20\/wp-json\/wp\/v2\/comments?post=159"}],"version-history":[{"count":5,"href":"http:\/\/www.rainbow-tours.ch\/20\/wp-json\/wp\/v2\/pages\/159\/revisions"}],"predecessor-version":[{"id":370,"href":"http:\/\/www.rainbow-tours.ch\/20\/wp-json\/wp\/v2\/pages\/159\/revisions\/370"}],"wp:attachment":[{"href":"http:\/\/www.rainbow-tours.ch\/20\/wp-json\/wp\/v2\/media?parent=159"}],"curies":[{"name":"wp","href":"https:\/\/api.w.org\/{rel}","templated":true}]}}