{"id":156,"date":"2020-05-18T16:53:11","date_gmt":"2020-05-18T14:53:11","guid":{"rendered":"http:\/\/www.rainbow-tours.ch\/20\/?page_id=156"},"modified":"2023-09-28T17:32:58","modified_gmt":"2023-09-28T15:32:58","slug":"operador-turistico-europeo-desde-1980","status":"publish","type":"page","link":"http:\/\/www.rainbow-tours.ch\/20\/operador-turistico-europeo-desde-1980\/","title":{"rendered":"Operador T\u00faristico Europeo desde 1980"},"content":{"rendered":"\n<p>Rainbow Tours Enterprises Ltd. es un operador tur\u00edstico especializado en grupos que atiende las necesidades de los viajes de grupos cristianos a destinos de toda Europa. Nuestros clientes proceden de Am\u00e9rica del Norte y del Sur, Australia y Asia. Nuestra oficina central se encuentra en Suiza con una sede de operaciones en Roma.<br><br>Su \u00e9xito es nuestra misi\u00f3n. Nuestra amplia experiencia en todos los aspectos de los viajes en grupo nos permite planificar exitosamente viajes de ida y vuelta por toda Europa para peque\u00f1os grupos de 30 personas, series de grupos con destinos \u00fanicos y\/o m\u00faltiples, as\u00ed como tambi\u00e9n excursiones a tierra durante cruceros por el Mediterr\u00e1neo para 1000 personas.<br><br>En el a\u00f1o 2022, se celebr\u00f3 en Oberammergau por 42\u00aa vez la Pasi\u00f3n de Cristo. Un evento destacado para los cristianos de todo el mundo, que se realiza desde 1633, s\u00f3lo cada 10 a\u00f1os. Para la 42\u00aa  edici\u00f3n, manejamos exitosamente m\u00e1s de 200 grupos de buses, as\u00ed como lo hemos hecho en las ediciones anteriores  en los a\u00f1os 1980, 1984, 1990, 2000 y 2010. Como socio oficial y agente acreditado   llevaremos de nuevo a grupos a Oberammergau en el a\u00f1o 2030. <a href=\"http:\/\/www.rainbow-tours.ch\/20\/es\/la-pasion-de-cristo-2022-en-oberammergau\/\">leer m\u00e1s&#8230;<\/a><\/p>\n\n\n\n<p><\/p>\n","protected":false},"excerpt":{"rendered":"<p>Rainbow Tours Enterprises Ltd. es un operador tur\u00edstico especializado en grupos que atiende las necesidades de los viajes de grupos cristianos a destinos de toda Europa. Nuestros clientes proceden de Am\u00e9rica del Norte y del Sur, Australia y Asia. Nuestra oficina central se encuentra en Suiza con una sede de operaciones en Roma. Su \u00e9xito &hellip; <a href=\"http:\/\/www.rainbow-tours.ch\/20\/operador-turistico-europeo-desde-1980\/\" class=\"more-link\">Continue reading<span class=\"screen-reader-text\"> &#8220;Operador T\u00faristico Europeo desde 1980&#8221;<\/span><\/a><\/p>\n","protected":false},"author":2,"featured_media":0,"parent":0,"menu_order":0,"comment_status":"closed","ping_status":"open","template":"","meta":{"footnotes":""},"_links":{"self":[{"href":"http:\/\/www.rainbow-tours.ch\/20\/wp-json\/wp\/v2\/pages\/156"}],"collection":[{"href":"http:\/\/www.rainbow-tours.ch\/20\/wp-json\/wp\/v2\/pages"}],"about":[{"href":"http:\/\/www.rainbow-tours.ch\/20\/wp-json\/wp\/v2\/types\/page"}],"author":[{"embeddable":true,"href":"http:\/\/www.rainbow-tours.ch\/20\/wp-json\/wp\/v2\/users\/2"}],"replies":[{"embeddable":true,"href":"http:\/\/www.rainbow-tours.ch\/20\/wp-json\/wp\/v2\/comments?post=156"}],"version-history":[{"count":6,"href":"http:\/\/www.rainbow-tours.ch\/20\/wp-json\/wp\/v2\/pages\/156\/revisions"}],"predecessor-version":[{"id":314,"href":"http:\/\/www.rainbow-tours.ch\/20\/wp-json\/wp\/v2\/pages\/156\/revisions\/314"}],"wp:attachment":[{"href":"http:\/\/www.rainbow-tours.ch\/20\/wp-json\/wp\/v2\/media?parent=156"}],"curies":[{"name":"wp","href":"https:\/\/api.w.org\/{rel}","templated":true}]}}